{"id":3749,"date":"2021-05-23T16:32:25","date_gmt":"2021-05-23T16:32:25","guid":{"rendered":"https:\/\/www.apiheattransfer.com\/unsere-produkte\/produktsuche\/"},"modified":"2023-08-24T13:46:02","modified_gmt":"2023-08-24T13:46:02","slug":"produktsuche","status":"publish","type":"page","link":"https:\/\/www.apiheattransfer.com\/de\/unsere-produkte\/produktsuche\/","title":{"rendered":"Produktsuche"},"content":{"rendered":"<h1>Durchsuchen Sie unser breites Angebot an leistungsstarken Produkten.<\/h1>\n<p>Egal, ob Sie nach einer kundenspezifischen W\u00e4rme\u00fcbertragungsl\u00f6sung oder einem Standardprodukt suchen, hier finden Sie, was Sie brauchen. Das liegt daran, dass API Heat Transfer die breiteste Palette an W\u00e4rme\u00fcbertragungsprodukten anbietet. Wenn Sie die L\u00f6sung, die Sie suchen, nicht finden, <a href=\"https:\/\/www.apiheattransfer.local\/de\/kontaktieren-sie-uns\/\">kontaktieren Sie uns<\/a>. Unser Expertenteam wird mit Ihnen zusammenarbeiten, um ein Produkt zu entwickeln, das Ihren speziellen Anforderungen entspricht.<\/p>\n","protected":false},"excerpt":{"rendered":"<p>Durchsuchen Sie unser breites Angebot an leistungsstarken Produkten. Egal, ob Sie nach einer kundenspezifischen W\u00e4rme\u00fcbertragungsl\u00f6sung oder einem Standardprodukt suchen, hier finden Sie, was Sie brauchen. Das liegt daran, dass API Heat Transfer die breiteste Palette an W\u00e4rme\u00fcbertragungsprodukten anbietet. Wenn Sie die L\u00f6sung, die Sie suchen, nicht finden, kontaktieren Sie uns. Unser Expertenteam wird mit Ihnen [&hellip;]<\/p>\n","protected":false},"author":1,"featured_media":0,"parent":3707,"menu_order":1,"comment_status":"closed","ping_status":"closed","template":"page-templates\/products.php","meta":{"_acf_changed":false,"inline_featured_image":false,"footnotes":""},"class_list":["post-3749","page","type-page","status-publish","hentry"],"acf":[],"yoast_head":"<!-- This site is optimized with the Yoast SEO plugin v27.2 - https:\/\/yoast.com\/product\/yoast-seo-wordpress\/ -->\n<title>Produktsuche | API Heat Transfer<\/title>\n<meta name=\"robots\" content=\"index, follow, max-snippet:-1, max-image-preview:large, max-video-preview:-1\" \/>\n<link rel=\"canonical\" href=\"https:\/\/www.apiheattransfer.com\/de\/unsere-produkte\/produktsuche\/\" \/>\n<meta property=\"og:locale\" content=\"de_DE\" \/>\n<meta property=\"og:type\" content=\"article\" \/>\n<meta property=\"og:title\" content=\"Produktsuche | API Heat Transfer\" \/>\n<meta property=\"og:description\" content=\"Durchsuchen Sie unser breites Angebot an leistungsstarken Produkten. Egal, ob Sie nach einer kundenspezifischen W\u00e4rme\u00fcbertragungsl\u00f6sung oder einem Standardprodukt suchen, hier finden Sie, was Sie brauchen. Das liegt daran, dass API Heat Transfer die breiteste Palette an W\u00e4rme\u00fcbertragungsprodukten anbietet. Wenn Sie die L\u00f6sung, die Sie suchen, nicht finden, kontaktieren Sie uns. Unser Expertenteam wird mit Ihnen [&hellip;]\" \/>\n<meta property=\"og:url\" content=\"https:\/\/www.apiheattransfer.com\/de\/unsere-produkte\/produktsuche\/\" \/>\n<meta property=\"og:site_name\" content=\"API Heat Transfer\" \/>\n<meta property=\"article:modified_time\" content=\"2023-08-24T13:46:02+00:00\" \/>\n<meta property=\"og:image\" content=\"https:\/\/www.apiheattransfer.com\/wp-content\/uploads\/2025\/12\/Opengraph_APIHeatTransfer.png\" \/>\n\t<meta property=\"og:image:width\" content=\"1200\" \/>\n\t<meta property=\"og:image:height\" content=\"675\" \/>\n\t<meta property=\"og:image:type\" content=\"image\/png\" \/>\n<meta name=\"twitter:card\" content=\"summary_large_image\" \/>\n<script type=\"application\/ld+json\" class=\"yoast-schema-graph\">{\"@context\":\"https:\/\/schema.org\",\"@graph\":[{\"@type\":\"WebPage\",\"@id\":\"https:\/\/www.apiheattransfer.com\/de\/unsere-produkte\/produktsuche\/\",\"url\":\"https:\/\/www.apiheattransfer.com\/de\/unsere-produkte\/produktsuche\/\",\"name\":\"Produktsuche | API Heat Transfer\",\"isPartOf\":{\"@id\":\"https:\/\/www.apiheattransfer.com\/de\/#website\"},\"datePublished\":\"2021-05-23T16:32:25+00:00\",\"dateModified\":\"2023-08-24T13:46:02+00:00\",\"breadcrumb\":{\"@id\":\"https:\/\/www.apiheattransfer.com\/de\/unsere-produkte\/produktsuche\/#breadcrumb\"},\"inLanguage\":\"de\",\"potentialAction\":[{\"@type\":\"ReadAction\",\"target\":[\"https:\/\/www.apiheattransfer.com\/de\/unsere-produkte\/produktsuche\/\"]}]},{\"@type\":\"BreadcrumbList\",\"@id\":\"https:\/\/www.apiheattransfer.com\/de\/unsere-produkte\/produktsuche\/#breadcrumb\",\"itemListElement\":[{\"@type\":\"ListItem\",\"position\":1,\"name\":\"Home\",\"item\":\"https:\/\/www.apiheattransfer.com\/de\/\"},{\"@type\":\"ListItem\",\"position\":2,\"name\":\"Unsere Produkte\",\"item\":\"https:\/\/www.apiheattransfer.com\/de\/our-products\/\"},{\"@type\":\"ListItem\",\"position\":3,\"name\":\"Produktsuche\"}]},{\"@type\":\"WebSite\",\"@id\":\"https:\/\/www.apiheattransfer.com\/de\/#website\",\"url\":\"https:\/\/www.apiheattransfer.com\/de\/\",\"name\":\"API Heat Transfer\",\"description\":\"Worldwide Leader in Heat Transfer Solutions\",\"publisher\":{\"@id\":\"https:\/\/www.apiheattransfer.com\/de\/#organization\"},\"potentialAction\":[{\"@type\":\"SearchAction\",\"target\":{\"@type\":\"EntryPoint\",\"urlTemplate\":\"https:\/\/www.apiheattransfer.com\/de\/?s={search_term_string}\"},\"query-input\":{\"@type\":\"PropertyValueSpecification\",\"valueRequired\":true,\"valueName\":\"search_term_string\"}}],\"inLanguage\":\"de\"},{\"@type\":\"Organization\",\"@id\":\"https:\/\/www.apiheattransfer.com\/de\/#organization\",\"name\":\"API Heat Transfer\",\"url\":\"https:\/\/www.apiheattransfer.com\/de\/\",\"logo\":{\"@type\":\"ImageObject\",\"inLanguage\":\"de\",\"@id\":\"https:\/\/www.apiheattransfer.com\/de\/#\/schema\/logo\/image\/\",\"url\":\"https:\/\/www.apiheattransfer.com\/wp-content\/uploads\/2026\/03\/logo.svg\",\"contentUrl\":\"https:\/\/www.apiheattransfer.com\/wp-content\/uploads\/2026\/03\/logo.svg\",\"width\":216,\"height\":52,\"caption\":\"API Heat Transfer\"},\"image\":{\"@id\":\"https:\/\/www.apiheattransfer.com\/de\/#\/schema\/logo\/image\/\"}}]}<\/script>\n<!-- \/ Yoast SEO plugin. -->","yoast_head_json":{"title":"Produktsuche | API Heat Transfer","robots":{"index":"index","follow":"follow","max-snippet":"max-snippet:-1","max-image-preview":"max-image-preview:large","max-video-preview":"max-video-preview:-1"},"canonical":"https:\/\/www.apiheattransfer.com\/de\/unsere-produkte\/produktsuche\/","og_locale":"de_DE","og_type":"article","og_title":"Produktsuche | API Heat Transfer","og_description":"Durchsuchen Sie unser breites Angebot an leistungsstarken Produkten. Egal, ob Sie nach einer kundenspezifischen W\u00e4rme\u00fcbertragungsl\u00f6sung oder einem Standardprodukt suchen, hier finden Sie, was Sie brauchen. Das liegt daran, dass API Heat Transfer die breiteste Palette an W\u00e4rme\u00fcbertragungsprodukten anbietet. Wenn Sie die L\u00f6sung, die Sie suchen, nicht finden, kontaktieren Sie uns. Unser Expertenteam wird mit Ihnen [&hellip;]","og_url":"https:\/\/www.apiheattransfer.com\/de\/unsere-produkte\/produktsuche\/","og_site_name":"API Heat Transfer","article_modified_time":"2023-08-24T13:46:02+00:00","og_image":[{"width":1200,"height":675,"url":"https:\/\/www.apiheattransfer.com\/wp-content\/uploads\/2025\/12\/Opengraph_APIHeatTransfer.png","type":"image\/png"}],"twitter_card":"summary_large_image","schema":{"@context":"https:\/\/schema.org","@graph":[{"@type":"WebPage","@id":"https:\/\/www.apiheattransfer.com\/de\/unsere-produkte\/produktsuche\/","url":"https:\/\/www.apiheattransfer.com\/de\/unsere-produkte\/produktsuche\/","name":"Produktsuche | API Heat Transfer","isPartOf":{"@id":"https:\/\/www.apiheattransfer.com\/de\/#website"},"datePublished":"2021-05-23T16:32:25+00:00","dateModified":"2023-08-24T13:46:02+00:00","breadcrumb":{"@id":"https:\/\/www.apiheattransfer.com\/de\/unsere-produkte\/produktsuche\/#breadcrumb"},"inLanguage":"de","potentialAction":[{"@type":"ReadAction","target":["https:\/\/www.apiheattransfer.com\/de\/unsere-produkte\/produktsuche\/"]}]},{"@type":"BreadcrumbList","@id":"https:\/\/www.apiheattransfer.com\/de\/unsere-produkte\/produktsuche\/#breadcrumb","itemListElement":[{"@type":"ListItem","position":1,"name":"Home","item":"https:\/\/www.apiheattransfer.com\/de\/"},{"@type":"ListItem","position":2,"name":"Unsere Produkte","item":"https:\/\/www.apiheattransfer.com\/de\/our-products\/"},{"@type":"ListItem","position":3,"name":"Produktsuche"}]},{"@type":"WebSite","@id":"https:\/\/www.apiheattransfer.com\/de\/#website","url":"https:\/\/www.apiheattransfer.com\/de\/","name":"API Heat Transfer","description":"Worldwide Leader in Heat Transfer Solutions","publisher":{"@id":"https:\/\/www.apiheattransfer.com\/de\/#organization"},"potentialAction":[{"@type":"SearchAction","target":{"@type":"EntryPoint","urlTemplate":"https:\/\/www.apiheattransfer.com\/de\/?s={search_term_string}"},"query-input":{"@type":"PropertyValueSpecification","valueRequired":true,"valueName":"search_term_string"}}],"inLanguage":"de"},{"@type":"Organization","@id":"https:\/\/www.apiheattransfer.com\/de\/#organization","name":"API Heat Transfer","url":"https:\/\/www.apiheattransfer.com\/de\/","logo":{"@type":"ImageObject","inLanguage":"de","@id":"https:\/\/www.apiheattransfer.com\/de\/#\/schema\/logo\/image\/","url":"https:\/\/www.apiheattransfer.com\/wp-content\/uploads\/2026\/03\/logo.svg","contentUrl":"https:\/\/www.apiheattransfer.com\/wp-content\/uploads\/2026\/03\/logo.svg","width":216,"height":52,"caption":"API Heat Transfer"},"image":{"@id":"https:\/\/www.apiheattransfer.com\/de\/#\/schema\/logo\/image\/"}}]}},"_links":{"self":[{"href":"https:\/\/www.apiheattransfer.com\/de\/wp-json\/wp\/v2\/pages\/3749","targetHints":{"allow":["GET"]}}],"collection":[{"href":"https:\/\/www.apiheattransfer.com\/de\/wp-json\/wp\/v2\/pages"}],"about":[{"href":"https:\/\/www.apiheattransfer.com\/de\/wp-json\/wp\/v2\/types\/page"}],"author":[{"embeddable":true,"href":"https:\/\/www.apiheattransfer.com\/de\/wp-json\/wp\/v2\/users\/1"}],"replies":[{"embeddable":true,"href":"https:\/\/www.apiheattransfer.com\/de\/wp-json\/wp\/v2\/comments?post=3749"}],"version-history":[{"count":0,"href":"https:\/\/www.apiheattransfer.com\/de\/wp-json\/wp\/v2\/pages\/3749\/revisions"}],"up":[{"embeddable":true,"href":"https:\/\/www.apiheattransfer.com\/de\/wp-json\/wp\/v2\/pages\/3707"}],"wp:attachment":[{"href":"https:\/\/www.apiheattransfer.com\/de\/wp-json\/wp\/v2\/media?parent=3749"}],"curies":[{"name":"wp","href":"https:\/\/api.w.org\/{rel}","templated":true}]}}